{"id":2596,"date":"2024-02-19T20:09:05","date_gmt":"2024-02-19T20:09:05","guid":{"rendered":"https:\/\/www.ibuyphotos.com\/?post_type=product&#038;p=2596"},"modified":"2024-02-26T13:26:43","modified_gmt":"2024-02-26T13:26:43","slug":"photo-derelict-building-interior-006","status":"publish","type":"product","link":"https:\/\/www.ibuyphotos.com\/fr\/urbain\/photo-interieur-batiment-delabre-006","title":{"rendered":"Photo: Int\u00e9rieur B\u00e2timent D\u00e9labr\u00e9 006"},"content":{"rendered":"<div class=\"the-content\"><p>rayons de soleil par fen\u00eatres de b\u00e2timent abandonn\u00e9<\/p>\n<\/div>","protected":false},"excerpt":{"rendered":"<p>rayons de soleil par fen\u00eatres de b\u00e2timent abandonn\u00e9<\/p>","protected":false},"featured_media":2630,"template":"","meta":{"_acf_changed":false},"product_brand":[],"product_cat":[17],"product_tag":[18,83,84,85,86,21,43,34,48,31,88,25,731,91,55,92,38],"class_list":{"0":"post-2596","1":"product","2":"type-product","3":"status-publish","4":"has-post-thumbnail","6":"product_cat-urban","7":"product_tag-abandoned","8":"product_tag-air","9":"product_tag-air-duct","10":"product_tag-air-vent","11":"product_tag-airing","12":"product_tag-building","13":"product_tag-ceiling","14":"product_tag-derelict","15":"product_tag-floor","16":"product_tag-graffiti","17":"product_tag-graffitis","18":"product_tag-light","19":"product_tag-paintings","20":"product_tag-spray-paintings","21":"product_tag-sunlight","22":"product_tag-ventilation","23":"product_tag-windows","25":"first","26":"instock","27":"sold-individually","28":"purchasable","29":"product-type-variable","30":"has-default-attributes"},"acf":[],"_links":{"self":[{"href":"https:\/\/www.ibuyphotos.com\/fr\/wp-json\/wp\/v2\/product\/2596","targetHints":{"allow":["GET"]}}],"collection":[{"href":"https:\/\/www.ibuyphotos.com\/fr\/wp-json\/wp\/v2\/product"}],"about":[{"href":"https:\/\/www.ibuyphotos.com\/fr\/wp-json\/wp\/v2\/types\/product"}],"wp:featuredmedia":[{"embeddable":true,"href":"https:\/\/www.ibuyphotos.com\/fr\/wp-json\/wp\/v2\/media\/2630"}],"wp:attachment":[{"href":"https:\/\/www.ibuyphotos.com\/fr\/wp-json\/wp\/v2\/media?parent=2596"}],"wp:term":[{"taxonomy":"product_brand","embeddable":true,"href":"https:\/\/www.ibuyphotos.com\/fr\/wp-json\/wp\/v2\/product_brand?post=2596"},{"taxonomy":"product_cat","embeddable":true,"href":"https:\/\/www.ibuyphotos.com\/fr\/wp-json\/wp\/v2\/product_cat?post=2596"},{"taxonomy":"product_tag","embeddable":true,"href":"https:\/\/www.ibuyphotos.com\/fr\/wp-json\/wp\/v2\/product_tag?post=2596"}],"curies":[{"name":"wp","href":"https:\/\/api.w.org\/{rel}","templated":true}]}}