{"id":2590,"date":"2024-02-19T20:09:00","date_gmt":"2024-02-19T20:09:00","guid":{"rendered":"https:\/\/www.ibuyphotos.com\/?post_type=product&#038;p=2590"},"modified":"2024-02-26T13:26:39","modified_gmt":"2024-02-26T13:26:39","slug":"photo-derelict-building-interior-005","status":"publish","type":"product","link":"https:\/\/www.ibuyphotos.com\/fr\/urbain\/photo-interieur-batiment-delabre-005","title":{"rendered":"Photo: Int\u00e9rieur B\u00e2timent D\u00e9labr\u00e9 005"},"content":{"rendered":"<div class=\"the-content\"><p>int\u00e9rieur usine abandonn\u00e9e avec graffiti et vitres cass\u00e9es<\/p>\n<\/div>","protected":false},"excerpt":{"rendered":"<p>int\u00e9rieur usine abandonn\u00e9e avec graffiti et vitres cass\u00e9es<\/p>","protected":false},"featured_media":2624,"template":"","meta":{"_acf_changed":false},"product_brand":[],"product_cat":[17],"product_tag":[18,101,32,21,34,24,62,35,701,31,729,88,89,37,51,730,713,57,38],"class_list":{"0":"post-2590","1":"product","2":"type-product","3":"status-publish","4":"has-post-thumbnail","6":"product_cat-urban","7":"product_tag-abandoned","8":"product_tag-beams","9":"product_tag-broken","10":"product_tag-building","11":"product_tag-derelict","12":"product_tag-dilapidated","13":"product_tag-factory","14":"product_tag-fragments","15":"product_tag-frame","16":"product_tag-graffiti","17":"product_tag-graffiti-spray-can","18":"product_tag-graffitis","19":"product_tag-interior","20":"product_tag-metal","21":"product_tag-puddle","22":"product_tag-spray-cans","23":"product_tag-spray-painting","24":"product_tag-water","25":"product_tag-windows","27":"first","28":"instock","29":"sold-individually","30":"purchasable","31":"product-type-variable","32":"has-default-attributes"},"acf":[],"_links":{"self":[{"href":"https:\/\/www.ibuyphotos.com\/fr\/wp-json\/wp\/v2\/product\/2590","targetHints":{"allow":["GET"]}}],"collection":[{"href":"https:\/\/www.ibuyphotos.com\/fr\/wp-json\/wp\/v2\/product"}],"about":[{"href":"https:\/\/www.ibuyphotos.com\/fr\/wp-json\/wp\/v2\/types\/product"}],"wp:featuredmedia":[{"embeddable":true,"href":"https:\/\/www.ibuyphotos.com\/fr\/wp-json\/wp\/v2\/media\/2624"}],"wp:attachment":[{"href":"https:\/\/www.ibuyphotos.com\/fr\/wp-json\/wp\/v2\/media?parent=2590"}],"wp:term":[{"taxonomy":"product_brand","embeddable":true,"href":"https:\/\/www.ibuyphotos.com\/fr\/wp-json\/wp\/v2\/product_brand?post=2590"},{"taxonomy":"product_cat","embeddable":true,"href":"https:\/\/www.ibuyphotos.com\/fr\/wp-json\/wp\/v2\/product_cat?post=2590"},{"taxonomy":"product_tag","embeddable":true,"href":"https:\/\/www.ibuyphotos.com\/fr\/wp-json\/wp\/v2\/product_tag?post=2590"}],"curies":[{"name":"wp","href":"https:\/\/api.w.org\/{rel}","templated":true}]}}