{"id":2585,"date":"2024-02-19T20:08:56","date_gmt":"2024-02-19T20:08:56","guid":{"rendered":"https:\/\/www.ibuyphotos.com\/?post_type=product&#038;p=2585"},"modified":"2024-02-26T13:26:34","modified_gmt":"2024-02-26T13:26:34","slug":"photo-derelict-building-interior-004","status":"publish","type":"product","link":"https:\/\/www.ibuyphotos.com\/fr\/urbain\/photo-interieur-batiment-delabre-004","title":{"rendered":"Photo: Int\u00e9rieur B\u00e2timent D\u00e9labr\u00e9 004"},"content":{"rendered":"<div class=\"the-content\"><p>r\u00e9flection dans flaque d'eau \u00e0 l'int\u00e9rieur d'un b\u00e2timent en ruines<\/p>\n<\/div>","protected":false},"excerpt":{"rendered":"<p>r\u00e9flection dans flaque d'eau \u00e0 l'int\u00e9rieur d'un b\u00e2timent en ruines<\/p>","protected":false},"featured_media":2619,"template":"","meta":{"_acf_changed":false},"product_brand":[],"product_cat":[17],"product_tag":[18,61,19,21,23,34,24,62,48,31,729,88,89,25,37,78,51,67,90,730,91,30,38],"class_list":{"0":"post-2585","1":"product","2":"type-product","3":"status-publish","4":"has-post-thumbnail","6":"product_cat-urban","7":"product_tag-abandoned","8":"product_tag-beam","9":"product_tag-bricks","10":"product_tag-building","11":"product_tag-damaged","12":"product_tag-derelict","13":"product_tag-dilapidated","14":"product_tag-factory","15":"product_tag-floor","16":"product_tag-graffiti","17":"product_tag-graffiti-spray-can","18":"product_tag-graffitis","19":"product_tag-interior","20":"product_tag-light","21":"product_tag-metal","22":"product_tag-pillar","23":"product_tag-puddle","24":"product_tag-rust","25":"product_tag-spray","26":"product_tag-spray-cans","27":"product_tag-spray-paintings","28":"product_tag-wall","29":"product_tag-windows","31":"first","32":"instock","33":"sold-individually","34":"purchasable","35":"product-type-variable","36":"has-default-attributes"},"acf":[],"_links":{"self":[{"href":"https:\/\/www.ibuyphotos.com\/fr\/wp-json\/wp\/v2\/product\/2585","targetHints":{"allow":["GET"]}}],"collection":[{"href":"https:\/\/www.ibuyphotos.com\/fr\/wp-json\/wp\/v2\/product"}],"about":[{"href":"https:\/\/www.ibuyphotos.com\/fr\/wp-json\/wp\/v2\/types\/product"}],"wp:featuredmedia":[{"embeddable":true,"href":"https:\/\/www.ibuyphotos.com\/fr\/wp-json\/wp\/v2\/media\/2619"}],"wp:attachment":[{"href":"https:\/\/www.ibuyphotos.com\/fr\/wp-json\/wp\/v2\/media?parent=2585"}],"wp:term":[{"taxonomy":"product_brand","embeddable":true,"href":"https:\/\/www.ibuyphotos.com\/fr\/wp-json\/wp\/v2\/product_brand?post=2585"},{"taxonomy":"product_cat","embeddable":true,"href":"https:\/\/www.ibuyphotos.com\/fr\/wp-json\/wp\/v2\/product_cat?post=2585"},{"taxonomy":"product_tag","embeddable":true,"href":"https:\/\/www.ibuyphotos.com\/fr\/wp-json\/wp\/v2\/product_tag?post=2585"}],"curies":[{"name":"wp","href":"https:\/\/api.w.org\/{rel}","templated":true}]}}