{"id":2580,"date":"2024-02-19T20:08:52","date_gmt":"2024-02-19T20:08:52","guid":{"rendered":"https:\/\/www.ibuyphotos.com\/?post_type=product&#038;p=2580"},"modified":"2024-02-26T13:26:31","modified_gmt":"2024-02-26T13:26:31","slug":"photo-derelict-building-interior-003","status":"publish","type":"product","link":"https:\/\/www.ibuyphotos.com\/fr\/urbain\/photo-interieur-batiment-delabre-003","title":{"rendered":"Photo: Int\u00e9rieur B\u00e2timent D\u00e9labr\u00e9 003"},"content":{"rendered":"<div class=\"the-content\"><p>flaques d'eau dans b\u00e2timent abandonn\u00e9 avec graffiti sur les murs<\/p>\n<\/div>","protected":false},"excerpt":{"rendered":"<p>flaques d'eau dans b\u00e2timent abandonn\u00e9 avec graffiti sur les murs<\/p>","protected":false},"featured_media":2615,"template":"","meta":{"_acf_changed":false},"product_brand":[],"product_cat":[17],"product_tag":[32,21,619,23,34,62,35,701,31,728,88,37,108,91,81,38],"class_list":{"0":"post-2580","1":"product","2":"type-product","3":"status-publish","4":"has-post-thumbnail","6":"product_cat-urban","7":"product_tag-broken","8":"product_tag-building","9":"product_tag-concrete","10":"product_tag-damaged","11":"product_tag-derelict","12":"product_tag-factory","13":"product_tag-fragments","14":"product_tag-frame","15":"product_tag-graffiti","16":"product_tag-graffiti-spray-cans","17":"product_tag-graffitis","18":"product_tag-metal","19":"product_tag-ruin","20":"product_tag-spray-paintings","21":"product_tag-walls","22":"product_tag-windows","24":"first","25":"instock","26":"sold-individually","27":"purchasable","28":"product-type-variable","29":"has-default-attributes"},"acf":[],"_links":{"self":[{"href":"https:\/\/www.ibuyphotos.com\/fr\/wp-json\/wp\/v2\/product\/2580","targetHints":{"allow":["GET"]}}],"collection":[{"href":"https:\/\/www.ibuyphotos.com\/fr\/wp-json\/wp\/v2\/product"}],"about":[{"href":"https:\/\/www.ibuyphotos.com\/fr\/wp-json\/wp\/v2\/types\/product"}],"wp:featuredmedia":[{"embeddable":true,"href":"https:\/\/www.ibuyphotos.com\/fr\/wp-json\/wp\/v2\/media\/2615"}],"wp:attachment":[{"href":"https:\/\/www.ibuyphotos.com\/fr\/wp-json\/wp\/v2\/media?parent=2580"}],"wp:term":[{"taxonomy":"product_brand","embeddable":true,"href":"https:\/\/www.ibuyphotos.com\/fr\/wp-json\/wp\/v2\/product_brand?post=2580"},{"taxonomy":"product_cat","embeddable":true,"href":"https:\/\/www.ibuyphotos.com\/fr\/wp-json\/wp\/v2\/product_cat?post=2580"},{"taxonomy":"product_tag","embeddable":true,"href":"https:\/\/www.ibuyphotos.com\/fr\/wp-json\/wp\/v2\/product_tag?post=2580"}],"curies":[{"name":"wp","href":"https:\/\/api.w.org\/{rel}","templated":true}]}}