{"id":2570,"date":"2024-02-19T20:08:44","date_gmt":"2024-02-19T20:08:44","guid":{"rendered":"https:\/\/www.ibuyphotos.com\/?post_type=product&#038;p=2570"},"modified":"2024-02-26T13:26:24","modified_gmt":"2024-02-26T13:26:24","slug":"photo-derelict-building-interior-001","status":"publish","type":"product","link":"https:\/\/www.ibuyphotos.com\/fr\/urbain\/photo-interieur-batiment-delabre-001","title":{"rendered":"Photo: Int\u00e9rieur B\u00e2timent D\u00e9labr\u00e9 001"},"content":{"rendered":"<div class=\"the-content\"><p>int\u00e9rieur d'un b\u00e2timent d\u00e9labr\u00e9 avec mur qui s'\u00e9croule et fen\u00eatres cass\u00e9es<\/p>\n<\/div>","protected":false},"excerpt":{"rendered":"<p>int\u00e9rieur d'un b\u00e2timent d\u00e9labr\u00e9 avec mur qui s'\u00e9croule et fen\u00eatres cass\u00e9es<\/p>","protected":false},"featured_media":2605,"template":"","meta":{"_acf_changed":false},"product_brand":[],"product_cat":[17],"product_tag":[18,101,32,21,34,24,62,35,31,37,27,30,38],"class_list":{"0":"post-2570","1":"product","2":"type-product","3":"status-publish","4":"has-post-thumbnail","6":"product_cat-urban","7":"product_tag-abandoned","8":"product_tag-beams","9":"product_tag-broken","10":"product_tag-building","11":"product_tag-derelict","12":"product_tag-dilapidated","13":"product_tag-factory","14":"product_tag-fragments","15":"product_tag-graffiti","16":"product_tag-metal","17":"product_tag-ruins","18":"product_tag-wall","19":"product_tag-windows","21":"first","22":"instock","23":"sold-individually","24":"purchasable","25":"product-type-variable","26":"has-default-attributes"},"acf":[],"_links":{"self":[{"href":"https:\/\/www.ibuyphotos.com\/fr\/wp-json\/wp\/v2\/product\/2570","targetHints":{"allow":["GET"]}}],"collection":[{"href":"https:\/\/www.ibuyphotos.com\/fr\/wp-json\/wp\/v2\/product"}],"about":[{"href":"https:\/\/www.ibuyphotos.com\/fr\/wp-json\/wp\/v2\/types\/product"}],"wp:featuredmedia":[{"embeddable":true,"href":"https:\/\/www.ibuyphotos.com\/fr\/wp-json\/wp\/v2\/media\/2605"}],"wp:attachment":[{"href":"https:\/\/www.ibuyphotos.com\/fr\/wp-json\/wp\/v2\/media?parent=2570"}],"wp:term":[{"taxonomy":"product_brand","embeddable":true,"href":"https:\/\/www.ibuyphotos.com\/fr\/wp-json\/wp\/v2\/product_brand?post=2570"},{"taxonomy":"product_cat","embeddable":true,"href":"https:\/\/www.ibuyphotos.com\/fr\/wp-json\/wp\/v2\/product_cat?post=2570"},{"taxonomy":"product_tag","embeddable":true,"href":"https:\/\/www.ibuyphotos.com\/fr\/wp-json\/wp\/v2\/product_tag?post=2570"}],"curies":[{"name":"wp","href":"https:\/\/api.w.org\/{rel}","templated":true}]}}