{"id":2426,"date":"2024-02-19T20:06:57","date_gmt":"2024-02-19T20:06:57","guid":{"rendered":"https:\/\/www.ibuyphotos.com\/?post_type=product&#038;p=2426"},"modified":"2024-02-26T13:24:36","modified_gmt":"2024-02-26T13:24:36","slug":"photo-creepy-doll-001","status":"publish","type":"product","link":"https:\/\/www.ibuyphotos.com\/fr\/objets\/photo-poupee-effrayantel-001","title":{"rendered":"Photo: Poup\u00e9e Effrayantel 001"},"content":{"rendered":"<div class=\"the-content\"><p>vieille poup\u00e9e faite \u00e0 l'ancienne sur un cadre m\u00e9tallique rouill\u00e9<\/p>\n<\/div>","protected":false},"excerpt":{"rendered":"<p>vieille poup\u00e9e faite \u00e0 l'ancienne sur un cadre m\u00e9tallique rouill\u00e9<\/p>","protected":false},"featured_media":2460,"template":"","meta":{"_acf_changed":false},"product_brand":[],"product_cat":[208],"product_tag":[325,139,211,58,699,700,326,701,31,702,37,703,77,704,67,705,90,706,707],"class_list":{"0":"post-2426","1":"product","2":"type-product","3":"status-publish","4":"has-post-thumbnail","6":"product_cat-objects","7":"product_tag-baby","8":"product_tag-bars","9":"product_tag-burnt","10":"product_tag-creepy","11":"product_tag-doll","12":"product_tag-dress","13":"product_tag-face","14":"product_tag-frame","15":"product_tag-graffiti","16":"product_tag-hair","17":"product_tag-metal","18":"product_tag-old-fashioned","19":"product_tag-paint","20":"product_tag-painting","21":"product_tag-rust","22":"product_tag-sitting","23":"product_tag-spray","24":"product_tag-torn","25":"product_tag-toy","27":"first","28":"instock","29":"sold-individually","30":"purchasable","31":"product-type-variable","32":"has-default-attributes"},"acf":[],"_links":{"self":[{"href":"https:\/\/www.ibuyphotos.com\/fr\/wp-json\/wp\/v2\/product\/2426","targetHints":{"allow":["GET"]}}],"collection":[{"href":"https:\/\/www.ibuyphotos.com\/fr\/wp-json\/wp\/v2\/product"}],"about":[{"href":"https:\/\/www.ibuyphotos.com\/fr\/wp-json\/wp\/v2\/types\/product"}],"wp:featuredmedia":[{"embeddable":true,"href":"https:\/\/www.ibuyphotos.com\/fr\/wp-json\/wp\/v2\/media\/2460"}],"wp:attachment":[{"href":"https:\/\/www.ibuyphotos.com\/fr\/wp-json\/wp\/v2\/media?parent=2426"}],"wp:term":[{"taxonomy":"product_brand","embeddable":true,"href":"https:\/\/www.ibuyphotos.com\/fr\/wp-json\/wp\/v2\/product_brand?post=2426"},{"taxonomy":"product_cat","embeddable":true,"href":"https:\/\/www.ibuyphotos.com\/fr\/wp-json\/wp\/v2\/product_cat?post=2426"},{"taxonomy":"product_tag","embeddable":true,"href":"https:\/\/www.ibuyphotos.com\/fr\/wp-json\/wp\/v2\/product_tag?post=2426"}],"curies":[{"name":"wp","href":"https:\/\/api.w.org\/{rel}","templated":true}]}}