{"id":232,"date":"2024-02-19T19:37:29","date_gmt":"2024-02-19T19:37:29","guid":{"rendered":"https:\/\/www.ibuyphotos.com\/?post_type=product&#038;p=232"},"modified":"2024-02-26T12:56:39","modified_gmt":"2024-02-26T12:56:39","slug":"photo-abandoned-house-interior-003","status":"publish","type":"product","link":"https:\/\/www.ibuyphotos.com\/fr\/urbain\/photo-interieur-maison-abandonnee-003","title":{"rendered":"Photo: Int\u00e9rieur Maison Abandonn\u00e9e 003"},"content":{"rendered":"<div class=\"the-content\"><p>int\u00e9rieur de maison abandonn\u00e9e avec vieux fauiteuil et d\u00e9bris sur le sol<\/p>\n<\/div>","protected":false},"excerpt":{"rendered":"<p>int\u00e9rieur de maison abandonn\u00e9e avec vieux fauiteuil et d\u00e9bris sur le sol<\/p>","protected":false},"featured_media":266,"template":"","meta":{"_acf_changed":false},"product_brand":[],"product_cat":[17],"product_tag":[18,128,140,43,44,143,22,34,24,145,146,35,136,150,105,25,50,65,59,108,53,148,81,38],"class_list":{"0":"post-232","1":"product","2":"type-product","3":"status-publish","4":"has-post-thumbnail","6":"product_cat-urban","7":"product_tag-abandoned","8":"product_tag-armchair","9":"product_tag-armchairs","10":"product_tag-ceiling","11":"product_tag-chair","12":"product_tag-chairs","13":"product_tag-crumbling","14":"product_tag-derelict","15":"product_tag-dilapidated","16":"product_tag-dirty","17":"product_tag-dust","18":"product_tag-fragments","19":"product_tag-furniture","20":"product_tag-holes","21":"product_tag-house","22":"product_tag-light","23":"product_tag-old","24":"product_tag-peeling","25":"product_tag-room","26":"product_tag-ruin","27":"product_tag-seat","28":"product_tag-seats","29":"product_tag-walls","30":"product_tag-windows","32":"first","33":"instock","34":"sold-individually","35":"purchasable","36":"product-type-variable","37":"has-default-attributes"},"acf":[],"_links":{"self":[{"href":"https:\/\/www.ibuyphotos.com\/fr\/wp-json\/wp\/v2\/product\/232","targetHints":{"allow":["GET"]}}],"collection":[{"href":"https:\/\/www.ibuyphotos.com\/fr\/wp-json\/wp\/v2\/product"}],"about":[{"href":"https:\/\/www.ibuyphotos.com\/fr\/wp-json\/wp\/v2\/types\/product"}],"wp:featuredmedia":[{"embeddable":true,"href":"https:\/\/www.ibuyphotos.com\/fr\/wp-json\/wp\/v2\/media\/266"}],"wp:attachment":[{"href":"https:\/\/www.ibuyphotos.com\/fr\/wp-json\/wp\/v2\/media?parent=232"}],"wp:term":[{"taxonomy":"product_brand","embeddable":true,"href":"https:\/\/www.ibuyphotos.com\/fr\/wp-json\/wp\/v2\/product_brand?post=232"},{"taxonomy":"product_cat","embeddable":true,"href":"https:\/\/www.ibuyphotos.com\/fr\/wp-json\/wp\/v2\/product_cat?post=232"},{"taxonomy":"product_tag","embeddable":true,"href":"https:\/\/www.ibuyphotos.com\/fr\/wp-json\/wp\/v2\/product_tag?post=232"}],"curies":[{"name":"wp","href":"https:\/\/api.w.org\/{rel}","templated":true}]}}