{"id":2235,"date":"2024-02-19T20:04:07","date_gmt":"2024-02-19T20:04:07","guid":{"rendered":"https:\/\/www.ibuyphotos.com\/?post_type=product&#038;p=2235"},"modified":"2024-02-26T13:22:08","modified_gmt":"2024-02-26T13:22:08","slug":"photo-corridor-003","status":"publish","type":"product","link":"https:\/\/www.ibuyphotos.com\/fr\/urbain\/photo-couloir-003","title":{"rendered":"Photo: Couloir 003"},"content":{"rendered":"<div class=\"the-content\"><p>couloir inond\u00e9 dans \u00e9cole abandonn\u00e9e<\/p>\n<\/div>","protected":false},"excerpt":{"rendered":"<p>couloir inond\u00e9 dans \u00e9cole abandonn\u00e9e<\/p>","protected":false},"featured_media":2269,"template":"","meta":{"_acf_changed":false},"product_brand":[],"product_cat":[17],"product_tag":[18,43,160,22,23,24,126,48,675,524,25,51,52,28,161,230,56,57],"class_list":{"0":"post-2235","1":"product","2":"type-product","3":"status-publish","4":"has-post-thumbnail","6":"product_cat-urban","7":"product_tag-abandoned","8":"product_tag-ceiling","9":"product_tag-corridor","10":"product_tag-crumbling","11":"product_tag-damaged","12":"product_tag-dilapidated","13":"product_tag-doors","14":"product_tag-floor","15":"product_tag-hall","16":"product_tag-hallway","17":"product_tag-light","18":"product_tag-puddle","19":"product_tag-reflection","20":"product_tag-run-down","21":"product_tag-school","22":"product_tag-shade","23":"product_tag-university","24":"product_tag-water","26":"first","27":"instock","28":"sold-individually","29":"purchasable","30":"product-type-variable","31":"has-default-attributes"},"acf":[],"_links":{"self":[{"href":"https:\/\/www.ibuyphotos.com\/fr\/wp-json\/wp\/v2\/product\/2235","targetHints":{"allow":["GET"]}}],"collection":[{"href":"https:\/\/www.ibuyphotos.com\/fr\/wp-json\/wp\/v2\/product"}],"about":[{"href":"https:\/\/www.ibuyphotos.com\/fr\/wp-json\/wp\/v2\/types\/product"}],"wp:featuredmedia":[{"embeddable":true,"href":"https:\/\/www.ibuyphotos.com\/fr\/wp-json\/wp\/v2\/media\/2269"}],"wp:attachment":[{"href":"https:\/\/www.ibuyphotos.com\/fr\/wp-json\/wp\/v2\/media?parent=2235"}],"wp:term":[{"taxonomy":"product_brand","embeddable":true,"href":"https:\/\/www.ibuyphotos.com\/fr\/wp-json\/wp\/v2\/product_brand?post=2235"},{"taxonomy":"product_cat","embeddable":true,"href":"https:\/\/www.ibuyphotos.com\/fr\/wp-json\/wp\/v2\/product_cat?post=2235"},{"taxonomy":"product_tag","embeddable":true,"href":"https:\/\/www.ibuyphotos.com\/fr\/wp-json\/wp\/v2\/product_tag?post=2235"}],"curies":[{"name":"wp","href":"https:\/\/api.w.org\/{rel}","templated":true}]}}