{"id":22,"date":"2024-02-19T19:35:10","date_gmt":"2024-02-19T19:35:10","guid":{"rendered":"https:\/\/www.ibuyphotos.com\/?post_type=product&#038;p=22"},"modified":"2024-02-26T12:53:39","modified_gmt":"2024-02-26T12:53:39","slug":"photo-abandoned-building-light-005","status":"publish","type":"product","link":"https:\/\/www.ibuyphotos.com\/fr\/urbain\/photo-lumiere-usine-abandonnee-005","title":{"rendered":"Photo: Lumi\u00e8re Usine Abandonn\u00e9e 005"},"content":{"rendered":"<div class=\"the-content\"><p>vitres cass\u00e9es dans b\u00e2timent abandonn\u00e9 avec lumi\u00e8re de la rue<\/p>\n<\/div>","protected":false},"excerpt":{"rendered":"<p>vitres cass\u00e9es dans b\u00e2timent abandonn\u00e9 avec lumi\u00e8re de la rue<\/p>","protected":false},"featured_media":55,"template":"","meta":{"_acf_changed":false},"product_brand":[],"product_cat":[17],"product_tag":[18,32,21,40,33,34,24,35,36,31,25,37,27,38],"class_list":{"0":"post-22","1":"product","2":"type-product","3":"status-publish","4":"has-post-thumbnail","6":"product_cat-urban","7":"product_tag-abandoned","8":"product_tag-broken","9":"product_tag-building","10":"product_tag-dark","11":"product_tag-demolished","12":"product_tag-derelict","13":"product_tag-dilapidated","14":"product_tag-fragments","15":"product_tag-glass","16":"product_tag-graffiti","17":"product_tag-light","18":"product_tag-metal","19":"product_tag-ruins","20":"product_tag-windows","22":"first","23":"instock","24":"sold-individually","25":"purchasable","26":"product-type-variable","27":"has-default-attributes"},"acf":[],"_links":{"self":[{"href":"https:\/\/www.ibuyphotos.com\/fr\/wp-json\/wp\/v2\/product\/22","targetHints":{"allow":["GET"]}}],"collection":[{"href":"https:\/\/www.ibuyphotos.com\/fr\/wp-json\/wp\/v2\/product"}],"about":[{"href":"https:\/\/www.ibuyphotos.com\/fr\/wp-json\/wp\/v2\/types\/product"}],"wp:featuredmedia":[{"embeddable":true,"href":"https:\/\/www.ibuyphotos.com\/fr\/wp-json\/wp\/v2\/media\/55"}],"wp:attachment":[{"href":"https:\/\/www.ibuyphotos.com\/fr\/wp-json\/wp\/v2\/media?parent=22"}],"wp:term":[{"taxonomy":"product_brand","embeddable":true,"href":"https:\/\/www.ibuyphotos.com\/fr\/wp-json\/wp\/v2\/product_brand?post=22"},{"taxonomy":"product_cat","embeddable":true,"href":"https:\/\/www.ibuyphotos.com\/fr\/wp-json\/wp\/v2\/product_cat?post=22"},{"taxonomy":"product_tag","embeddable":true,"href":"https:\/\/www.ibuyphotos.com\/fr\/wp-json\/wp\/v2\/product_tag?post=22"}],"curies":[{"name":"wp","href":"https:\/\/api.w.org\/{rel}","templated":true}]}}