{"id":2153,"date":"2024-02-19T20:02:48","date_gmt":"2024-02-19T20:02:48","guid":{"rendered":"https:\/\/www.ibuyphotos.com\/?post_type=product&#038;p=2153"},"modified":"2024-02-26T13:21:07","modified_gmt":"2024-02-26T13:21:07","slug":"photo-clockwork-gear-001","status":"publish","type":"product","link":"https:\/\/www.ibuyphotos.com\/fr\/objets\/photo-mechanisme-001","title":{"rendered":"Photo: M\u00e9chanisme 001"},"content":{"rendered":"<div class=\"the-content\"><p>m\u00e9chanisme rouill\u00e9 et pi\u00e8ces de m\u00e9tal<\/p>\n<\/div>","protected":false},"excerpt":{"rendered":"<p>m\u00e9chanisme rouill\u00e9 et pi\u00e8ces de m\u00e9tal<\/p>","protected":false},"featured_media":2187,"template":"","meta":{"_acf_changed":false},"product_brand":[],"product_cat":[208],"product_tag":[651,652,653,654,37,67,68],"class_list":{"0":"post-2153","1":"product","2":"type-product","3":"status-publish","4":"has-post-thumbnail","6":"product_cat-objects","7":"product_tag-clockwork","8":"product_tag-clockwork-gear","9":"product_tag-gear","10":"product_tag-mechanic","11":"product_tag-metal","12":"product_tag-rust","13":"product_tag-rusty","15":"first","16":"instock","17":"sold-individually","18":"purchasable","19":"product-type-variable","20":"has-default-attributes"},"acf":[],"_links":{"self":[{"href":"https:\/\/www.ibuyphotos.com\/fr\/wp-json\/wp\/v2\/product\/2153","targetHints":{"allow":["GET"]}}],"collection":[{"href":"https:\/\/www.ibuyphotos.com\/fr\/wp-json\/wp\/v2\/product"}],"about":[{"href":"https:\/\/www.ibuyphotos.com\/fr\/wp-json\/wp\/v2\/types\/product"}],"wp:featuredmedia":[{"embeddable":true,"href":"https:\/\/www.ibuyphotos.com\/fr\/wp-json\/wp\/v2\/media\/2187"}],"wp:attachment":[{"href":"https:\/\/www.ibuyphotos.com\/fr\/wp-json\/wp\/v2\/media?parent=2153"}],"wp:term":[{"taxonomy":"product_brand","embeddable":true,"href":"https:\/\/www.ibuyphotos.com\/fr\/wp-json\/wp\/v2\/product_brand?post=2153"},{"taxonomy":"product_cat","embeddable":true,"href":"https:\/\/www.ibuyphotos.com\/fr\/wp-json\/wp\/v2\/product_cat?post=2153"},{"taxonomy":"product_tag","embeddable":true,"href":"https:\/\/www.ibuyphotos.com\/fr\/wp-json\/wp\/v2\/product_tag?post=2153"}],"curies":[{"name":"wp","href":"https:\/\/api.w.org\/{rel}","templated":true}]}}