{"id":214,"date":"2024-02-19T19:37:18","date_gmt":"2024-02-19T19:37:18","guid":{"rendered":"https:\/\/www.ibuyphotos.com\/?post_type=product&#038;p=214"},"modified":"2024-02-26T12:56:22","modified_gmt":"2024-02-26T12:56:22","slug":"photo-abandoned-house-art-001","status":"publish","type":"product","link":"https:\/\/www.ibuyphotos.com\/fr\/art\/photo-art-maison-abandonnee-001","title":{"rendered":"Photo: Art Maison Abandonn\u00e9e 001"},"content":{"rendered":"<div class=\"the-content\"><p>maison hant\u00e9e aned chemin\u00e9e et fauteuils, lumi\u00e8re des fen\u00eatres<\/p>\n<\/div>","protected":false},"excerpt":{"rendered":"<p>maison hant\u00e9e aned chemin\u00e9e et fauteuils, lumi\u00e8re des fen\u00eatres<\/p>","protected":false},"featured_media":248,"template":"","meta":{"_acf_changed":false},"product_brand":[],"product_cat":[60],"product_tag":[18,128,140,94,141,142,32,44,143,22,23,144,145,146,147,35,105,25,50,65,108,148,149,81,38],"class_list":{"0":"post-214","1":"product","2":"type-product","3":"status-publish","4":"has-post-thumbnail","6":"product_cat-art","7":"product_tag-abandoned","8":"product_tag-armchair","9":"product_tag-armchairs","10":"product_tag-bw","11":"product_tag-brick","12":"product_tag-brick-walls","13":"product_tag-broken","14":"product_tag-chair","15":"product_tag-chairs","16":"product_tag-crumbling","17":"product_tag-damaged","18":"product_tag-destroyed","19":"product_tag-dirty","20":"product_tag-dust","21":"product_tag-fireplace","22":"product_tag-fragments","23":"product_tag-house","24":"product_tag-light","25":"product_tag-old","26":"product_tag-peeling","27":"product_tag-ruin","28":"product_tag-seats","29":"product_tag-tapestry","30":"product_tag-walls","31":"product_tag-windows","33":"first","34":"instock","35":"sold-individually","36":"purchasable","37":"product-type-variable","38":"has-default-attributes"},"acf":[],"_links":{"self":[{"href":"https:\/\/www.ibuyphotos.com\/fr\/wp-json\/wp\/v2\/product\/214","targetHints":{"allow":["GET"]}}],"collection":[{"href":"https:\/\/www.ibuyphotos.com\/fr\/wp-json\/wp\/v2\/product"}],"about":[{"href":"https:\/\/www.ibuyphotos.com\/fr\/wp-json\/wp\/v2\/types\/product"}],"wp:featuredmedia":[{"embeddable":true,"href":"https:\/\/www.ibuyphotos.com\/fr\/wp-json\/wp\/v2\/media\/248"}],"wp:attachment":[{"href":"https:\/\/www.ibuyphotos.com\/fr\/wp-json\/wp\/v2\/media?parent=214"}],"wp:term":[{"taxonomy":"product_brand","embeddable":true,"href":"https:\/\/www.ibuyphotos.com\/fr\/wp-json\/wp\/v2\/product_brand?post=214"},{"taxonomy":"product_cat","embeddable":true,"href":"https:\/\/www.ibuyphotos.com\/fr\/wp-json\/wp\/v2\/product_cat?post=214"},{"taxonomy":"product_tag","embeddable":true,"href":"https:\/\/www.ibuyphotos.com\/fr\/wp-json\/wp\/v2\/product_tag?post=214"}],"curies":[{"name":"wp","href":"https:\/\/api.w.org\/{rel}","templated":true}]}}