{"id":2009,"date":"2024-02-19T20:00:28","date_gmt":"2024-02-19T20:00:28","guid":{"rendered":"https:\/\/www.ibuyphotos.com\/?post_type=product&#038;p=2009"},"modified":"2024-02-26T13:19:27","modified_gmt":"2024-02-26T13:19:27","slug":"photo-christmas-light-003","status":"publish","type":"product","link":"https:\/\/www.ibuyphotos.com\/fr\/evenements\/photo-lumieres-de-noel-003","title":{"rendered":"Photo: Lumi\u00e8res De No\u00ebl 003"},"content":{"rendered":"<div class=\"the-content\"><p>guirlandes de No\u00ebl rouges durant la p\u00e9riode des f\u00eates<\/p>\n<\/div>","protected":false},"excerpt":{"rendered":"<p>guirlandes de No\u00ebl rouges durant la p\u00e9riode des f\u00eates<\/p>","protected":false},"featured_media":2043,"template":"","meta":{"_acf_changed":false},"product_brand":[],"product_cat":[283],"product_tag":[102,646,613,600,601,647,603,607,25,608,609,610,203],"class_list":{"0":"post-2009","1":"product","2":"type-product","3":"status-publish","4":"has-post-thumbnail","6":"product_cat-events","7":"product_tag-branches","8":"product_tag-bulbs","9":"product_tag-christmas","10":"product_tag-fairy-lights","11":"product_tag-gleam-light","12":"product_tag-glimmer-lights","13":"product_tag-glow-light","14":"product_tag-holiday-season","15":"product_tag-light","16":"product_tag-lights","17":"product_tag-red","18":"product_tag-reddish","19":"product_tag-tree","21":"first","22":"instock","23":"sold-individually","24":"purchasable","25":"product-type-variable","26":"has-default-attributes"},"acf":[],"_links":{"self":[{"href":"https:\/\/www.ibuyphotos.com\/fr\/wp-json\/wp\/v2\/product\/2009","targetHints":{"allow":["GET"]}}],"collection":[{"href":"https:\/\/www.ibuyphotos.com\/fr\/wp-json\/wp\/v2\/product"}],"about":[{"href":"https:\/\/www.ibuyphotos.com\/fr\/wp-json\/wp\/v2\/types\/product"}],"wp:featuredmedia":[{"embeddable":true,"href":"https:\/\/www.ibuyphotos.com\/fr\/wp-json\/wp\/v2\/media\/2043"}],"wp:attachment":[{"href":"https:\/\/www.ibuyphotos.com\/fr\/wp-json\/wp\/v2\/media?parent=2009"}],"wp:term":[{"taxonomy":"product_brand","embeddable":true,"href":"https:\/\/www.ibuyphotos.com\/fr\/wp-json\/wp\/v2\/product_brand?post=2009"},{"taxonomy":"product_cat","embeddable":true,"href":"https:\/\/www.ibuyphotos.com\/fr\/wp-json\/wp\/v2\/product_cat?post=2009"},{"taxonomy":"product_tag","embeddable":true,"href":"https:\/\/www.ibuyphotos.com\/fr\/wp-json\/wp\/v2\/product_tag?post=2009"}],"curies":[{"name":"wp","href":"https:\/\/api.w.org\/{rel}","templated":true}]}}