{"id":198,"date":"2024-02-19T19:37:09","date_gmt":"2024-02-19T19:37:09","guid":{"rendered":"https:\/\/www.ibuyphotos.com\/?post_type=product&#038;p=198"},"modified":"2024-02-26T12:56:08","modified_gmt":"2024-02-26T12:56:08","slug":"photo-abandoned-house-10","status":"publish","type":"product","link":"https:\/\/www.ibuyphotos.com\/fr\/urbain\/photo-maison-abandonnee-10","title":{"rendered":"Photo: Maison Abandonn\u00e9e 10"},"content":{"rendered":"<div class=\"the-content\"><p>int\u00e9rieur de maison abandonn\u00e9e avec toilettes et meubles cass\u00e9s sur le sol<\/p>\n<\/div>","protected":false},"excerpt":{"rendered":"<p>int\u00e9rieur de maison abandonn\u00e9e avec toilettes et meubles cass\u00e9s sur le sol<\/p>","protected":false},"featured_media":233,"template":"","meta":{"_acf_changed":false},"product_brand":[],"product_cat":[17],"product_tag":[18,134,135,22,24,35,136,105,59,107,108,28,137,30,95],"class_list":{"0":"post-198","1":"product","2":"type-product","3":"status-publish","4":"has-post-thumbnail","6":"product_cat-urban","7":"product_tag-abandoned","8":"product_tag-bathroom","9":"product_tag-closet","10":"product_tag-crumbling","11":"product_tag-dilapidated","12":"product_tag-fragments","13":"product_tag-furniture","14":"product_tag-house","15":"product_tag-room","16":"product_tag-rubble","17":"product_tag-ruin","18":"product_tag-run-down","19":"product_tag-toilet","20":"product_tag-wall","21":"product_tag-window","23":"first","24":"instock","25":"sold-individually","26":"purchasable","27":"product-type-variable","28":"has-default-attributes"},"acf":[],"_links":{"self":[{"href":"https:\/\/www.ibuyphotos.com\/fr\/wp-json\/wp\/v2\/product\/198","targetHints":{"allow":["GET"]}}],"collection":[{"href":"https:\/\/www.ibuyphotos.com\/fr\/wp-json\/wp\/v2\/product"}],"about":[{"href":"https:\/\/www.ibuyphotos.com\/fr\/wp-json\/wp\/v2\/types\/product"}],"wp:featuredmedia":[{"embeddable":true,"href":"https:\/\/www.ibuyphotos.com\/fr\/wp-json\/wp\/v2\/media\/233"}],"wp:attachment":[{"href":"https:\/\/www.ibuyphotos.com\/fr\/wp-json\/wp\/v2\/media?parent=198"}],"wp:term":[{"taxonomy":"product_brand","embeddable":true,"href":"https:\/\/www.ibuyphotos.com\/fr\/wp-json\/wp\/v2\/product_brand?post=198"},{"taxonomy":"product_cat","embeddable":true,"href":"https:\/\/www.ibuyphotos.com\/fr\/wp-json\/wp\/v2\/product_cat?post=198"},{"taxonomy":"product_tag","embeddable":true,"href":"https:\/\/www.ibuyphotos.com\/fr\/wp-json\/wp\/v2\/product_tag?post=198"}],"curies":[{"name":"wp","href":"https:\/\/api.w.org\/{rel}","templated":true}]}}