{"id":17,"date":"2024-02-19T19:35:09","date_gmt":"2024-02-19T19:35:09","guid":{"rendered":"https:\/\/www.ibuyphotos.com\/?post_type=product&#038;p=17"},"modified":"2024-02-26T12:53:20","modified_gmt":"2024-02-26T12:53:20","slug":"photo-abandoned-building-interior-002","status":"publish","type":"product","link":"https:\/\/www.ibuyphotos.com\/fr\/urbain\/photo-interieur-batiment-abandone-002","title":{"rendered":"Photo: Int\u00e9rieur B\u00e2timent Abandon\u00e9 002"},"content":{"rendered":"<div class=\"the-content\"><p>usine abandonn\u00e9e avec lumi\u00e8re sur mur de graffiti<\/p>\n<\/div>","protected":false},"excerpt":{"rendered":"<p>usine abandonn\u00e9e avec lumi\u00e8re sur mur de graffiti<\/p>","protected":false},"featured_media":29,"template":"","meta":{"_acf_changed":false},"product_brand":[],"product_cat":[17],"product_tag":[18,19,20,21,22,23,24,31,25,26,27,28,29,30],"class_list":{"0":"post-17","1":"product","2":"type-product","3":"status-publish","4":"has-post-thumbnail","6":"product_cat-urban","7":"product_tag-abandoned","8":"product_tag-bricks","9":"product_tag-bricks-wall","10":"product_tag-building","11":"product_tag-crumbling","12":"product_tag-damaged","13":"product_tag-dilapidated","14":"product_tag-graffiti","15":"product_tag-light","16":"product_tag-pillars","17":"product_tag-ruins","18":"product_tag-run-down","19":"product_tag-urbex","20":"product_tag-wall","22":"first","23":"instock","24":"sold-individually","25":"purchasable","26":"product-type-variable","27":"has-default-attributes"},"acf":[],"_links":{"self":[{"href":"https:\/\/www.ibuyphotos.com\/fr\/wp-json\/wp\/v2\/product\/17","targetHints":{"allow":["GET"]}}],"collection":[{"href":"https:\/\/www.ibuyphotos.com\/fr\/wp-json\/wp\/v2\/product"}],"about":[{"href":"https:\/\/www.ibuyphotos.com\/fr\/wp-json\/wp\/v2\/types\/product"}],"wp:featuredmedia":[{"embeddable":true,"href":"https:\/\/www.ibuyphotos.com\/fr\/wp-json\/wp\/v2\/media\/29"}],"wp:attachment":[{"href":"https:\/\/www.ibuyphotos.com\/fr\/wp-json\/wp\/v2\/media?parent=17"}],"wp:term":[{"taxonomy":"product_brand","embeddable":true,"href":"https:\/\/www.ibuyphotos.com\/fr\/wp-json\/wp\/v2\/product_brand?post=17"},{"taxonomy":"product_cat","embeddable":true,"href":"https:\/\/www.ibuyphotos.com\/fr\/wp-json\/wp\/v2\/product_cat?post=17"},{"taxonomy":"product_tag","embeddable":true,"href":"https:\/\/www.ibuyphotos.com\/fr\/wp-json\/wp\/v2\/product_tag?post=17"}],"curies":[{"name":"wp","href":"https:\/\/api.w.org\/{rel}","templated":true}]}}