{"id":168,"date":"2024-02-19T19:36:50","date_gmt":"2024-02-19T19:36:50","guid":{"rendered":"https:\/\/www.ibuyphotos.com\/?post_type=product&#038;p=168"},"modified":"2024-02-26T12:55:41","modified_gmt":"2024-02-26T12:55:41","slug":"photo-abandoned-house-05","status":"publish","type":"product","link":"https:\/\/www.ibuyphotos.com\/fr\/art\/photo-maison-abandonnee-05","title":{"rendered":"Photo: Maison Abandonn\u00e9e 05"},"content":{"rendered":"<div class=\"the-content\"><p>maison hant\u00e9e abandonn\u00e9e \u00e0 c\u00f4t\u00e9 d'un arbre<\/p>\n<\/div>","protected":false},"excerpt":{"rendered":"<p>maison hant\u00e9e abandonn\u00e9e \u00e0 c\u00f4t\u00e9 d'un arbre<\/p>","protected":false},"featured_media":202,"template":"","meta":{"_acf_changed":false},"product_brand":[],"product_cat":[60],"product_tag":[18,104,24,116,118,123,76,119,105,28,120,121,109,122,110],"class_list":{"0":"post-168","1":"product","2":"type-product","3":"status-publish","4":"has-post-thumbnail","6":"product_cat-art","7":"product_tag-abandoned","8":"product_tag-clouds","9":"product_tag-dilapidated","10":"product_tag-effect","11":"product_tag-field","12":"product_tag-halloween","13":"product_tag-hdr","14":"product_tag-horror","15":"product_tag-house","16":"product_tag-run-down","17":"product_tag-rural","18":"product_tag-silhouette","19":"product_tag-sky","20":"product_tag-sunset","21":"product_tag-trees","23":"first","24":"instock","25":"sold-individually","26":"purchasable","27":"product-type-variable","28":"has-default-attributes"},"acf":[],"_links":{"self":[{"href":"https:\/\/www.ibuyphotos.com\/fr\/wp-json\/wp\/v2\/product\/168","targetHints":{"allow":["GET"]}}],"collection":[{"href":"https:\/\/www.ibuyphotos.com\/fr\/wp-json\/wp\/v2\/product"}],"about":[{"href":"https:\/\/www.ibuyphotos.com\/fr\/wp-json\/wp\/v2\/types\/product"}],"wp:featuredmedia":[{"embeddable":true,"href":"https:\/\/www.ibuyphotos.com\/fr\/wp-json\/wp\/v2\/media\/202"}],"wp:attachment":[{"href":"https:\/\/www.ibuyphotos.com\/fr\/wp-json\/wp\/v2\/media?parent=168"}],"wp:term":[{"taxonomy":"product_brand","embeddable":true,"href":"https:\/\/www.ibuyphotos.com\/fr\/wp-json\/wp\/v2\/product_brand?post=168"},{"taxonomy":"product_cat","embeddable":true,"href":"https:\/\/www.ibuyphotos.com\/fr\/wp-json\/wp\/v2\/product_cat?post=168"},{"taxonomy":"product_tag","embeddable":true,"href":"https:\/\/www.ibuyphotos.com\/fr\/wp-json\/wp\/v2\/product_tag?post=168"}],"curies":[{"name":"wp","href":"https:\/\/api.w.org\/{rel}","templated":true}]}}