{"id":156,"date":"2024-02-19T19:36:41","date_gmt":"2024-02-19T19:36:41","guid":{"rendered":"https:\/\/www.ibuyphotos.com\/?post_type=product&#038;p=156"},"modified":"2024-02-26T12:55:31","modified_gmt":"2024-02-26T12:55:31","slug":"photo-abandoned-house-03","status":"publish","type":"product","link":"https:\/\/www.ibuyphotos.com\/fr\/art\/photo-maison-abandonnee-03","title":{"rendered":"Photo: Maison Abandonn\u00e9e 03"},"content":{"rendered":"<div class=\"the-content\"><p>maison abandonn\u00e9e dans v\u00e9g\u00e9tation de buissons et arbres sur photo HDR<\/p>\n<\/div>","protected":false},"excerpt":{"rendered":"<p>maison abandonn\u00e9e dans v\u00e9g\u00e9tation de buissons et arbres sur photo HDR<\/p>","protected":false},"featured_media":190,"template":"","meta":{"_acf_changed":false},"product_brand":[],"product_cat":[60],"product_tag":[18,102,19,103,113,104,24,87,76,105,106,107,108,27,28,109,114,55,110,81,38],"class_list":{"0":"post-156","1":"product","2":"type-product","3":"status-publish","4":"has-post-thumbnail","6":"product_cat-art","7":"product_tag-abandoned","8":"product_tag-branches","9":"product_tag-bricks","10":"product_tag-bushes","11":"product_tag-chimney","12":"product_tag-clouds","13":"product_tag-dilapidated","14":"product_tag-door","15":"product_tag-hdr","16":"product_tag-house","17":"product_tag-roof","18":"product_tag-rubble","19":"product_tag-ruin","20":"product_tag-ruins","21":"product_tag-run-down","22":"product_tag-sky","23":"product_tag-sun","24":"product_tag-sunlight","25":"product_tag-trees","26":"product_tag-walls","27":"product_tag-windows","29":"first","30":"instock","31":"sold-individually","32":"purchasable","33":"product-type-variable","34":"has-default-attributes"},"acf":[],"_links":{"self":[{"href":"https:\/\/www.ibuyphotos.com\/fr\/wp-json\/wp\/v2\/product\/156","targetHints":{"allow":["GET"]}}],"collection":[{"href":"https:\/\/www.ibuyphotos.com\/fr\/wp-json\/wp\/v2\/product"}],"about":[{"href":"https:\/\/www.ibuyphotos.com\/fr\/wp-json\/wp\/v2\/types\/product"}],"wp:featuredmedia":[{"embeddable":true,"href":"https:\/\/www.ibuyphotos.com\/fr\/wp-json\/wp\/v2\/media\/190"}],"wp:attachment":[{"href":"https:\/\/www.ibuyphotos.com\/fr\/wp-json\/wp\/v2\/media?parent=156"}],"wp:term":[{"taxonomy":"product_brand","embeddable":true,"href":"https:\/\/www.ibuyphotos.com\/fr\/wp-json\/wp\/v2\/product_brand?post=156"},{"taxonomy":"product_cat","embeddable":true,"href":"https:\/\/www.ibuyphotos.com\/fr\/wp-json\/wp\/v2\/product_cat?post=156"},{"taxonomy":"product_tag","embeddable":true,"href":"https:\/\/www.ibuyphotos.com\/fr\/wp-json\/wp\/v2\/product_tag?post=156"}],"curies":[{"name":"wp","href":"https:\/\/api.w.org\/{rel}","templated":true}]}}