{"id":1363,"date":"2024-02-19T19:50:59","date_gmt":"2024-02-19T19:50:59","guid":{"rendered":"https:\/\/www.ibuyphotos.com\/?post_type=product&#038;p=1363"},"modified":"2024-02-26T13:12:06","modified_gmt":"2024-02-26T13:12:06","slug":"photo-bird-043","status":"publish","type":"product","link":"https:\/\/www.ibuyphotos.com\/fr\/animaux\/photo-oiseau-043","title":{"rendered":"Photo: Oiseau 043"},"content":{"rendered":"<div class=\"the-content\"><p>faucon debout sur le sol \u00e0 c\u00f4t\u00e9 arbre, oiseau d'Alberta<\/p>\n<\/div>","protected":false},"excerpt":{"rendered":"<p>faucon debout sur le sol \u00e0 c\u00f4t\u00e9 arbre, oiseau d'Alberta<\/p>","protected":false},"featured_media":1398,"template":"","meta":{"_acf_changed":false},"product_brand":[],"product_cat":[195],"product_tag":[385,382,471,472,473,474,388,465,217,475,476,224],"class_list":{"0":"post-1363","1":"product","2":"type-product","3":"status-publish","4":"has-post-thumbnail","6":"product_cat-animals","7":"product_tag-beak","8":"product_tag-bird","9":"product_tag-bird-of-prey","10":"product_tag-broad-winged-hawk","11":"product_tag-buteo","12":"product_tag-buteo-platypterus","13":"product_tag-feather","14":"product_tag-feathers","15":"product_tag-grass","16":"product_tag-hawk","17":"product_tag-plumage","18":"product_tag-trunk","20":"first","21":"instock","22":"sold-individually","23":"purchasable","24":"product-type-variable","25":"has-default-attributes"},"acf":[],"_links":{"self":[{"href":"https:\/\/www.ibuyphotos.com\/fr\/wp-json\/wp\/v2\/product\/1363","targetHints":{"allow":["GET"]}}],"collection":[{"href":"https:\/\/www.ibuyphotos.com\/fr\/wp-json\/wp\/v2\/product"}],"about":[{"href":"https:\/\/www.ibuyphotos.com\/fr\/wp-json\/wp\/v2\/types\/product"}],"wp:featuredmedia":[{"embeddable":true,"href":"https:\/\/www.ibuyphotos.com\/fr\/wp-json\/wp\/v2\/media\/1398"}],"wp:attachment":[{"href":"https:\/\/www.ibuyphotos.com\/fr\/wp-json\/wp\/v2\/media?parent=1363"}],"wp:term":[{"taxonomy":"product_brand","embeddable":true,"href":"https:\/\/www.ibuyphotos.com\/fr\/wp-json\/wp\/v2\/product_brand?post=1363"},{"taxonomy":"product_cat","embeddable":true,"href":"https:\/\/www.ibuyphotos.com\/fr\/wp-json\/wp\/v2\/product_cat?post=1363"},{"taxonomy":"product_tag","embeddable":true,"href":"https:\/\/www.ibuyphotos.com\/fr\/wp-json\/wp\/v2\/product_tag?post=1363"}],"curies":[{"name":"wp","href":"https:\/\/api.w.org\/{rel}","templated":true}]}}