{"id":1279,"date":"2024-02-19T19:49:45","date_gmt":"2024-02-19T19:49:45","guid":{"rendered":"https:\/\/www.ibuyphotos.com\/?post_type=product&#038;p=1279"},"modified":"2024-02-26T13:10:57","modified_gmt":"2024-02-26T13:10:57","slug":"photo-bird-029","status":"publish","type":"product","link":"https:\/\/www.ibuyphotos.com\/fr\/animaux\/photo-oiseau-029","title":{"rendered":"Photo: Oiseau 029"},"content":{"rendered":"<div class=\"the-content\"><p>m\u00e9sange \u00e0 t\u00eate noire, oiseau sur une branche, Poecile Atricapillus<\/p>\n<\/div>","protected":false},"excerpt":{"rendered":"<p>m\u00e9sange \u00e0 t\u00eate noire, oiseau sur une branche, Poecile Atricapillus<\/p>","protected":false},"featured_media":1313,"template":"","meta":{"_acf_changed":false},"product_brand":[],"product_cat":[195],"product_tag":[385,382,427,102,428,388,223,429],"class_list":{"0":"post-1279","1":"product","2":"type-product","3":"status-publish","4":"has-post-thumbnail","6":"product_cat-animals","7":"product_tag-beak","8":"product_tag-bird","9":"product_tag-black-capped","10":"product_tag-branches","11":"product_tag-chickadee","12":"product_tag-feather","13":"product_tag-leaves","14":"product_tag-poecile-atricapillus","16":"first","17":"instock","18":"sold-individually","19":"purchasable","20":"product-type-variable","21":"has-default-attributes"},"acf":[],"_links":{"self":[{"href":"https:\/\/www.ibuyphotos.com\/fr\/wp-json\/wp\/v2\/product\/1279","targetHints":{"allow":["GET"]}}],"collection":[{"href":"https:\/\/www.ibuyphotos.com\/fr\/wp-json\/wp\/v2\/product"}],"about":[{"href":"https:\/\/www.ibuyphotos.com\/fr\/wp-json\/wp\/v2\/types\/product"}],"wp:featuredmedia":[{"embeddable":true,"href":"https:\/\/www.ibuyphotos.com\/fr\/wp-json\/wp\/v2\/media\/1313"}],"wp:attachment":[{"href":"https:\/\/www.ibuyphotos.com\/fr\/wp-json\/wp\/v2\/media?parent=1279"}],"wp:term":[{"taxonomy":"product_brand","embeddable":true,"href":"https:\/\/www.ibuyphotos.com\/fr\/wp-json\/wp\/v2\/product_brand?post=1279"},{"taxonomy":"product_cat","embeddable":true,"href":"https:\/\/www.ibuyphotos.com\/fr\/wp-json\/wp\/v2\/product_cat?post=1279"},{"taxonomy":"product_tag","embeddable":true,"href":"https:\/\/www.ibuyphotos.com\/fr\/wp-json\/wp\/v2\/product_tag?post=1279"}],"curies":[{"name":"wp","href":"https:\/\/api.w.org\/{rel}","templated":true}]}}