{"id":126,"date":"2024-02-19T19:36:19","date_gmt":"2024-02-19T19:36:19","guid":{"rendered":"https:\/\/www.ibuyphotos.com\/?post_type=product&#038;p=126"},"modified":"2024-02-26T12:55:04","modified_gmt":"2024-02-26T12:55:04","slug":"photo-abandoned-factory-interior-004","status":"publish","type":"product","link":"https:\/\/www.ibuyphotos.com\/fr\/urbain\/photo-interieur-usine-abandonnee-004","title":{"rendered":"Photo: Int\u00e9rieur Usine Abandonn\u00e9e 004"},"content":{"rendered":"<div class=\"the-content\"><p>int\u00e9rieur usine d\u00e9saffect\u00e9e avec lumi\u00e8re sur structure en m\u00e9tal<\/p>\n<\/div>","protected":false},"excerpt":{"rendered":"<p>int\u00e9rieur usine d\u00e9saffect\u00e9e avec lumi\u00e8re sur structure en m\u00e9tal<\/p>","protected":false},"featured_media":160,"template":"","meta":{"_acf_changed":false},"product_brand":[],"product_cat":[17],"product_tag":[18,72,61,22,24,74,62,35,75,79,25,100,37,65,28,67,68,55,29],"class_list":{"0":"post-126","1":"product","2":"type-product","3":"status-publish","4":"has-post-thumbnail","6":"product_cat-urban","7":"product_tag-abandoned","8":"product_tag-banister","9":"product_tag-beam","10":"product_tag-crumbling","11":"product_tag-dilapidated","12":"product_tag-doorway","13":"product_tag-factory","14":"product_tag-fragments","15":"product_tag-grid","16":"product_tag-hole","17":"product_tag-light","18":"product_tag-manhole","19":"product_tag-metal","20":"product_tag-peeling","21":"product_tag-run-down","22":"product_tag-rust","23":"product_tag-rusty","24":"product_tag-sunlight","25":"product_tag-urbex","27":"first","28":"instock","29":"sold-individually","30":"purchasable","31":"product-type-variable","32":"has-default-attributes"},"acf":[],"_links":{"self":[{"href":"https:\/\/www.ibuyphotos.com\/fr\/wp-json\/wp\/v2\/product\/126","targetHints":{"allow":["GET"]}}],"collection":[{"href":"https:\/\/www.ibuyphotos.com\/fr\/wp-json\/wp\/v2\/product"}],"about":[{"href":"https:\/\/www.ibuyphotos.com\/fr\/wp-json\/wp\/v2\/types\/product"}],"wp:featuredmedia":[{"embeddable":true,"href":"https:\/\/www.ibuyphotos.com\/fr\/wp-json\/wp\/v2\/media\/160"}],"wp:attachment":[{"href":"https:\/\/www.ibuyphotos.com\/fr\/wp-json\/wp\/v2\/media?parent=126"}],"wp:term":[{"taxonomy":"product_brand","embeddable":true,"href":"https:\/\/www.ibuyphotos.com\/fr\/wp-json\/wp\/v2\/product_brand?post=126"},{"taxonomy":"product_cat","embeddable":true,"href":"https:\/\/www.ibuyphotos.com\/fr\/wp-json\/wp\/v2\/product_cat?post=126"},{"taxonomy":"product_tag","embeddable":true,"href":"https:\/\/www.ibuyphotos.com\/fr\/wp-json\/wp\/v2\/product_tag?post=126"}],"curies":[{"name":"wp","href":"https:\/\/api.w.org\/{rel}","templated":true}]}}