{"id":1159,"date":"2024-02-19T19:48:07","date_gmt":"2024-02-19T19:48:07","guid":{"rendered":"https:\/\/www.ibuyphotos.com\/?post_type=product&#038;p=1159"},"modified":"2024-02-26T13:09:28","modified_gmt":"2024-02-26T13:09:28","slug":"photo-bird-009","status":"publish","type":"product","link":"https:\/\/www.ibuyphotos.com\/fr\/animaux\/photo-oiseau-009","title":{"rendered":"Photo: Oiseau 009"},"content":{"rendered":"<div class=\"the-content\"><p>Fous de Bassan se c\u00e2linant sur l'\u00eele de Bonaventure en Gasp\u00e9sie<\/p>\n<\/div>","protected":false},"excerpt":{"rendered":"<p>Fous de Bassan se c\u00e2linant sur l'\u00eele de Bonaventure en Gasp\u00e9sie<\/p>","protected":false},"featured_media":1193,"template":"","meta":{"_acf_changed":false},"product_brand":[],"product_cat":[195],"product_tag":[385,382,395,397,351,390,391,206],"class_list":{"0":"post-1159","1":"product","2":"type-product","3":"status-publish","4":"has-post-thumbnail","6":"product_cat-animals","7":"product_tag-beak","8":"product_tag-bird","9":"product_tag-birds","10":"product_tag-couple","11":"product_tag-duo","12":"product_tag-fou-de-bassan","13":"product_tag-northern-gannet","14":"product_tag-soil","16":"first","17":"instock","18":"sold-individually","19":"purchasable","20":"product-type-variable","21":"has-default-attributes"},"acf":[],"_links":{"self":[{"href":"https:\/\/www.ibuyphotos.com\/fr\/wp-json\/wp\/v2\/product\/1159","targetHints":{"allow":["GET"]}}],"collection":[{"href":"https:\/\/www.ibuyphotos.com\/fr\/wp-json\/wp\/v2\/product"}],"about":[{"href":"https:\/\/www.ibuyphotos.com\/fr\/wp-json\/wp\/v2\/types\/product"}],"wp:featuredmedia":[{"embeddable":true,"href":"https:\/\/www.ibuyphotos.com\/fr\/wp-json\/wp\/v2\/media\/1193"}],"wp:attachment":[{"href":"https:\/\/www.ibuyphotos.com\/fr\/wp-json\/wp\/v2\/media?parent=1159"}],"wp:term":[{"taxonomy":"product_brand","embeddable":true,"href":"https:\/\/www.ibuyphotos.com\/fr\/wp-json\/wp\/v2\/product_brand?post=1159"},{"taxonomy":"product_cat","embeddable":true,"href":"https:\/\/www.ibuyphotos.com\/fr\/wp-json\/wp\/v2\/product_cat?post=1159"},{"taxonomy":"product_tag","embeddable":true,"href":"https:\/\/www.ibuyphotos.com\/fr\/wp-json\/wp\/v2\/product_tag?post=1159"}],"curies":[{"name":"wp","href":"https:\/\/api.w.org\/{rel}","templated":true}]}}