{"id":114,"date":"2024-02-19T19:36:09","date_gmt":"2024-02-19T19:36:09","guid":{"rendered":"https:\/\/www.ibuyphotos.com\/?post_type=product&#038;p=114"},"modified":"2024-02-26T12:54:54","modified_gmt":"2024-02-26T12:54:54","slug":"photo-abandoned-factory-interior-002","status":"publish","type":"product","link":"https:\/\/www.ibuyphotos.com\/fr\/urbain\/photo-interieur-usine-abandonnee-002","title":{"rendered":"Photo: Int\u00e9rieur Usine Abandonn\u00e9e 002"},"content":{"rendered":"<div class=\"the-content\"><p>sous-sol usine abandonn\u00e9e \u00e9clair\u00e9 avec lightpainting<\/p>\n<\/div>","protected":false},"excerpt":{"rendered":"<p>sous-sol usine abandonn\u00e9e \u00e9clair\u00e9 avec lightpainting<\/p>","protected":false},"featured_media":148,"template":"","meta":{"_acf_changed":false},"product_brand":[],"product_cat":[17],"product_tag":[18,72,97,20,22,40,24,87,62,31,63,77,65,28,98,99,29,30],"class_list":{"0":"post-114","1":"product","2":"type-product","3":"status-publish","4":"has-post-thumbnail","6":"product_cat-urban","7":"product_tag-abandoned","8":"product_tag-banister","9":"product_tag-basement","10":"product_tag-bricks-wall","11":"product_tag-crumbling","12":"product_tag-dark","13":"product_tag-dilapidated","14":"product_tag-door","15":"product_tag-factory","16":"product_tag-graffiti","17":"product_tag-light-painting","18":"product_tag-paint","19":"product_tag-peeling","20":"product_tag-run-down","21":"product_tag-stairs","22":"product_tag-steps","23":"product_tag-urbex","24":"product_tag-wall","26":"first","27":"instock","28":"sold-individually","29":"purchasable","30":"product-type-variable","31":"has-default-attributes"},"acf":[],"_links":{"self":[{"href":"https:\/\/www.ibuyphotos.com\/fr\/wp-json\/wp\/v2\/product\/114","targetHints":{"allow":["GET"]}}],"collection":[{"href":"https:\/\/www.ibuyphotos.com\/fr\/wp-json\/wp\/v2\/product"}],"about":[{"href":"https:\/\/www.ibuyphotos.com\/fr\/wp-json\/wp\/v2\/types\/product"}],"wp:featuredmedia":[{"embeddable":true,"href":"https:\/\/www.ibuyphotos.com\/fr\/wp-json\/wp\/v2\/media\/148"}],"wp:attachment":[{"href":"https:\/\/www.ibuyphotos.com\/fr\/wp-json\/wp\/v2\/media?parent=114"}],"wp:term":[{"taxonomy":"product_brand","embeddable":true,"href":"https:\/\/www.ibuyphotos.com\/fr\/wp-json\/wp\/v2\/product_brand?post=114"},{"taxonomy":"product_cat","embeddable":true,"href":"https:\/\/www.ibuyphotos.com\/fr\/wp-json\/wp\/v2\/product_cat?post=114"},{"taxonomy":"product_tag","embeddable":true,"href":"https:\/\/www.ibuyphotos.com\/fr\/wp-json\/wp\/v2\/product_tag?post=114"}],"curies":[{"name":"wp","href":"https:\/\/api.w.org\/{rel}","templated":true}]}}