{"id":10590,"date":"2024-08-12T08:46:55","date_gmt":"2024-08-12T08:46:55","guid":{"rendered":"https:\/\/www.ibuyphotos.com\/?post_type=product&#038;p=10590"},"modified":"2024-08-12T08:47:05","modified_gmt":"2024-08-12T08:47:05","slug":"photo-tree-stump-001","status":"publish","type":"product","link":"https:\/\/www.ibuyphotos.com\/fr\/nature\/photo-souche-arbre-001","title":{"rendered":"Photo: Souche Arbre 001"},"content":{"rendered":"<div class=\"the-content\"><p>souche d'arbre dans la for\u00eat avec la lumi\u00e8re du soleil \u00e0 travers les branches<\/p>\n<\/div>","protected":false},"excerpt":{"rendered":"<p>souche d'arbre dans la for\u00eat avec la lumi\u00e8re du soleil \u00e0 travers les branches<\/p>","protected":false},"featured_media":10596,"template":"","meta":{"_acf_changed":false},"product_brand":[],"product_cat":[174],"product_tag":[242,25,539,203],"class_list":{"0":"post-10590","1":"product","2":"type-product","3":"status-publish","4":"has-post-thumbnail","6":"product_cat-nature","7":"product_tag-bark","8":"product_tag-light","9":"product_tag-stump","10":"product_tag-tree","12":"first","13":"instock","14":"sold-individually","15":"purchasable","16":"product-type-variable","17":"has-default-attributes"},"acf":[],"_links":{"self":[{"href":"https:\/\/www.ibuyphotos.com\/fr\/wp-json\/wp\/v2\/product\/10590","targetHints":{"allow":["GET"]}}],"collection":[{"href":"https:\/\/www.ibuyphotos.com\/fr\/wp-json\/wp\/v2\/product"}],"about":[{"href":"https:\/\/www.ibuyphotos.com\/fr\/wp-json\/wp\/v2\/types\/product"}],"wp:featuredmedia":[{"embeddable":true,"href":"https:\/\/www.ibuyphotos.com\/fr\/wp-json\/wp\/v2\/media\/10596"}],"wp:attachment":[{"href":"https:\/\/www.ibuyphotos.com\/fr\/wp-json\/wp\/v2\/media?parent=10590"}],"wp:term":[{"taxonomy":"product_brand","embeddable":true,"href":"https:\/\/www.ibuyphotos.com\/fr\/wp-json\/wp\/v2\/product_brand?post=10590"},{"taxonomy":"product_cat","embeddable":true,"href":"https:\/\/www.ibuyphotos.com\/fr\/wp-json\/wp\/v2\/product_cat?post=10590"},{"taxonomy":"product_tag","embeddable":true,"href":"https:\/\/www.ibuyphotos.com\/fr\/wp-json\/wp\/v2\/product_tag?post=10590"}],"curies":[{"name":"wp","href":"https:\/\/api.w.org\/{rel}","templated":true}]}}