{"id":8731,"date":"2024-02-22T10:03:18","date_gmt":"2024-02-22T10:03:18","guid":{"rendered":"https:\/\/www.ibuyphotos.com\/?page_id=8731"},"modified":"2025-03-20T20:40:00","modified_gmt":"2025-03-20T20:40:00","slug":"about","status":"publish","type":"page","link":"https:\/\/www.ibuyphotos.com\/fr\/a-propos\/","title":{"rendered":"A Propos"},"content":{"rendered":"<div class=\"the-content\">\r\n<p>IBuyPhotos.com est un site internet sur lequel vous pouvez acheter et t\u00e9l\u00e9charger des photos libres de droit \u00e0 prix abordable.<br>Le site vous permet \u00e9galement de commander des impressions de photos et posters, sign\u00e9s du photographe Frederic Ansermoz.<\/p>\r\n\r\n\r\n\r\n<p>IBuyPhotos.com est la propri\u00e9t\u00e9 de Frederic Ansermoz, qui en est l\u2019unique propri\u00e9taire et manager.<br>D\u00e9veloppeur web et photographe, Frederic voulait d\u00e9velopper son propre site de banque d\u2019images, afin de rendre l\u2019investissement dans le mat\u00e9riel photographique plus abordable, et possiblement un moyen de vivre de sa passion pour la photographie.<\/p>\r\n\r\n\r\n\r\n<p>R\u00e9alisant compl\u00e8tement tout lui-m\u00eame, du design au d\u00e9veloppement, le marketing et la publicit\u00e9, ce site et le fruit d\u2019un nombre incalculable de longues journ\u00e9es et nuits de travail acharn\u00e9.<\/p>\r\n\r\n\r\n\r\n<p>Si vous souhaitez en apprendre plus sur Frederic Ansermoz, vous pouvez visiter les sites suivant:<br>[<a href=\"https:\/\/www.notafred.com\/\" target=\"_blank\" rel=\"noreferrer noopener\">Web Developer<\/a>] www.notafred.com<br>[<a href=\"https:\/\/www.frederic-ansermoz.com\/\" target=\"_blank\" rel=\"noreferrer noopener\">Photographer<\/a>] www.frederic-ansermoz.com<\/p>\r\n\r\n\r\n\r\n<p>IBuyPhotos.com n\u2019est probablement pas un concurrent de taille face aux immenses sites de banque d\u2019images, mais c\u2019est le sien et Frederic travaille fort dessus, ce qui requi\u00e8re beaucoup de temps et d\u2019efforts. Vous \u00eates donc les bienvenus \u00e0 naviguer sur le site!<br>N\u2019h\u00e9sitez pas \u00e0 contacter Frederic Ansermoz via la page de contact, si vous avez des questions ou pour partager vos impressions ou soutenir le site.<\/p>\r\n\r\n\r\n\r\n<p>Fa\u00eetes vous plaisir, prenez soin de vous et prenez des photos!<\/p>\r\n\r\n\r\n\r\n<p>Cordialement,<\/p>\r\n\r\n\r\n\r\n<p>Frederic Ansermoz<br>IBuyPhotos.com - F\u00e9vrier 22, 2024<\/p>\r\n\r\n\r\n\r\n<p><\/p>\r\n<\/div>","protected":false},"excerpt":{"rendered":"<p>IBuyPhotos.com is a website where you can buy and download royalty free photos at affordable price.Website is also offering the option to order photography prints and posters, signed from the photographer Frederic Ansermoz. IBuyPhotos.com is the property of Frederic Ansermoz, who is its the sole owner and manager.Web developer and photographer, Frederic wanted to develop [&hellip;]<\/p>","protected":false},"author":1,"featured_media":0,"parent":0,"menu_order":0,"comment_status":"closed","ping_status":"closed","template":"","meta":{"_acf_changed":false,"footnotes":""},"class_list":["post-8731","page","type-page","status-publish","hentry"],"acf":[],"_links":{"self":[{"href":"https:\/\/www.ibuyphotos.com\/fr\/wp-json\/wp\/v2\/pages\/8731","targetHints":{"allow":["GET"]}}],"collection":[{"href":"https:\/\/www.ibuyphotos.com\/fr\/wp-json\/wp\/v2\/pages"}],"about":[{"href":"https:\/\/www.ibuyphotos.com\/fr\/wp-json\/wp\/v2\/types\/page"}],"author":[{"embeddable":true,"href":"https:\/\/www.ibuyphotos.com\/fr\/wp-json\/wp\/v2\/users\/1"}],"replies":[{"embeddable":true,"href":"https:\/\/www.ibuyphotos.com\/fr\/wp-json\/wp\/v2\/comments?post=8731"}],"version-history":[{"count":3,"href":"https:\/\/www.ibuyphotos.com\/fr\/wp-json\/wp\/v2\/pages\/8731\/revisions"}],"predecessor-version":[{"id":10738,"href":"https:\/\/www.ibuyphotos.com\/fr\/wp-json\/wp\/v2\/pages\/8731\/revisions\/10738"}],"wp:attachment":[{"href":"https:\/\/www.ibuyphotos.com\/fr\/wp-json\/wp\/v2\/media?parent=8731"}],"curies":[{"name":"wp","href":"https:\/\/api.w.org\/{rel}","templated":true}]}}